{"id":84025,"date":"2021-12-03T13:28:42","date_gmt":"2021-12-03T12:28:42","guid":{"rendered":"https:\/\/hqplastics.pl\/contact\/"},"modified":"2023-07-17T14:02:46","modified_gmt":"2023-07-17T12:02:46","slug":"contact","status":"publish","type":"page","link":"https:\/\/hqplastics.pl\/en\/contact\/","title":{"rendered":"Contact"},"content":{"rendered":"<p>[vc_row unlock_row_content=&#8221;yes&#8221; row_height_percent=&#8221;0&#8243; override_padding=&#8221;yes&#8221; h_padding=&#8221;0&#8243; top_padding=&#8221;0&#8243; bottom_padding=&#8221;0&#8243; overlay_alpha=&#8221;100&#8243; equal_height=&#8221;yes&#8221; gutter_size=&#8221;0&#8243; shift_y=&#8221;0&#8243; style=&#8221;inherited&#8221;][vc_column column_width_percent=&#8221;100&#8243; gutter_size=&#8221;3&#8243; override_padding=&#8221;yes&#8221; column_padding=&#8221;5&#8243; back_color=&#8221;color-969426&#8243; overlay_alpha=&#8221;100&#8243; shift_x=&#8221;0&#8243; shift_y=&#8221;0&#8243; shift_y_down=&#8221;0&#8243; z_index=&#8221;0&#8243; medium_width=&#8221;0&#8243; mobile_width=&#8221;0&#8243; zoom_width=&#8221;0&#8243; zoom_height=&#8221;0&#8243; width=&#8221;1\/3&#8243;][vc_custom_heading text_color=&#8221;color-jevc&#8221; heading_semantic=&#8221;h3&#8243; text_font=&#8221;font-959495&#8243; text_size=&#8221;h3&#8243; text_weight=&#8221;800&#8243; text_align=&#8221;text-left&#8221; text_uppercase=&#8221;&#8221;]Contact[\/vc_custom_heading][vc_separator sep_color=&#8221;,Default&#8221;][vc_column_text uncode_shortcode_id=&#8221;196650&#8243;]<strong>Headquarters<\/strong><br \/>\nHQ PLASTICS B\u0141ASIAK B\u0104CZEK SP\u00d3\u0141KA JAWNA<br \/>\nul. G\u00f3recka 63C<br \/>\n43-430 Skocz\u00f3w<br \/>\nNIP: 5482664639<br \/>\nREGON: 243412177<br \/>\nKRS: 0001028508[\/vc_column_text][vc_column_text]<strong>Aleksandra B\u0142asiak &#8211; Development<\/strong><br \/>\nM: +48 600 672 208<br \/>\naleksandra.blasiak@hqplastics.pl<\/p>\n<p><strong>Jacek B\u0105czek &#8211; Production<\/strong><br \/>\nM: +48 600 672 264<br \/>\njacek.baczek@hqplastics.pl<\/p>\n<p><strong>Aleksandra B\u0105czek &#8211; Finance<\/strong><br \/>\nM: +48 503 011 433<br \/>\naleksandra.baczek@hqplastics.pl<\/p>\n<p><strong>Przemys\u0142aw B\u0142asiak &#8211; Logistics\/IT<\/strong><br \/>\nM: +48 537 430 070<br \/>\nprzemyslaw.blasiak@hqplastics.pl[\/vc_column_text][\/vc_column][vc_column column_width_percent=&#8221;100&#8243; position_horizontal=&#8221;left&#8221; gutter_size=&#8221;3&#8243; override_padding=&#8221;yes&#8221; column_padding=&#8221;5&#8243; back_color=&#8221;color-969426&#8243; overlay_alpha=&#8221;100&#8243; shift_x=&#8221;0&#8243; shift_y=&#8221;0&#8243; shift_y_down=&#8221;0&#8243; z_index=&#8221;0&#8243; medium_width=&#8221;0&#8243; mobile_width=&#8221;0&#8243; zoom_width=&#8221;0&#8243; zoom_height=&#8221;0&#8243; width=&#8221;2\/3&#8243;][vc_custom_heading text_color=&#8221;color-jevc&#8221; heading_semantic=&#8221;h3&#8243; text_font=&#8221;font-959495&#8243; text_size=&#8221;h3&#8243; text_weight=&#8221;800&#8243; text_align=&#8221;text-left&#8221;]Contact form[\/vc_custom_heading][vc_separator sep_color=&#8221;,Default&#8221;]<div role=\"form\" class=\"wpcf7\" id=\"wpcf7-f84028-o1\" lang=\"en-US\" dir=\"ltr\">\n<div class=\"screen-reader-response\"><p role=\"status\" aria-live=\"polite\" aria-atomic=\"true\"><\/p> <ul><\/ul><\/div>\n<form action=\"\/en\/wp-json\/wp\/v2\/pages\/84025#wpcf7-f84028-o1\" method=\"post\" class=\"wpcf7-form init\" novalidate=\"novalidate\" data-status=\"init\">\n<div style=\"display: none;\">\n<input type=\"hidden\" name=\"_wpcf7\" value=\"84028\" \/>\n<input type=\"hidden\" name=\"_wpcf7_version\" value=\"5.5.3\" \/>\n<input type=\"hidden\" name=\"_wpcf7_locale\" value=\"en_US\" \/>\n<input type=\"hidden\" name=\"_wpcf7_unit_tag\" value=\"wpcf7-f84028-o1\" \/>\n<input type=\"hidden\" name=\"_wpcf7_container_post\" value=\"0\" \/>\n<input type=\"hidden\" name=\"_wpcf7_posted_data_hash\" value=\"\" \/>\n<\/div>\n<div class=\"wpcf7-inline-wrapper\">\n<p class=\"wpcf7-inline-field\"><span class=\"wpcf7-form-control-wrap your-firstname\"><input type=\"text\" name=\"your-firstname\" value=\"\" size=\"40\" class=\"wpcf7-form-control wpcf7-text wpcf7-validates-as-required\" aria-required=\"true\" aria-invalid=\"false\" placeholder=\"Name\" \/><\/span><\/p>\n<p class=\"wpcf7-inline-field\"><span class=\"wpcf7-form-control-wrap your-lastname\"><input type=\"text\" name=\"your-lastname\" value=\"\" size=\"40\" class=\"wpcf7-form-control wpcf7-text wpcf7-validates-as-required\" aria-required=\"true\" aria-invalid=\"false\" placeholder=\"Surname\" \/><\/span><\/p>\n<\/div>\n<div class=\"wpcf7-inline-wrapper\">\n<p class=\"wpcf7-inline-field\"><span class=\"wpcf7-form-control-wrap your-email\"><input type=\"email\" name=\"your-email\" value=\"\" size=\"40\" class=\"wpcf7-form-control wpcf7-text wpcf7-email wpcf7-validates-as-required wpcf7-validates-as-email\" aria-required=\"true\" aria-invalid=\"false\" placeholder=\"Email\" \/><\/span> <\/p>\n<p class=\"wpcf7-inline-field\"><span class=\"wpcf7-form-control-wrap your-website\"><input type=\"text\" name=\"your-website\" value=\"\" size=\"40\" class=\"wpcf7-form-control wpcf7-text\" aria-invalid=\"false\" placeholder=\"Company\" \/><\/span> <\/p>\n<\/div>\n<p><span class=\"wpcf7-form-control-wrap your-message\"><textarea name=\"your-message\" cols=\"40\" rows=\"10\" class=\"wpcf7-form-control wpcf7-textarea\" aria-invalid=\"false\" placeholder=\"Message\"><\/textarea><\/span> <\/p>\n<p><span class=\"wpcf7-form-control-wrap accept-this-1\"><span class=\"wpcf7-form-control wpcf7-acceptance\"><span class=\"wpcf7-list-item\"><label><input type=\"checkbox\" name=\"accept-this-1\" value=\"1\" aria-invalid=\"false\" \/><span class=\"wpcf7-list-item-label\">I declare that I have read and accept the <a href=\"#\">(Privacy Policy)<\/a><\/span><\/label><\/span><\/span><\/span><\/p>\n<p><input type=\"submit\" value=\"Send\" class=\"wpcf7-form-control has-spinner wpcf7-submit btn btn-accent btn-block\" \/><\/p>\n<p style=\"display: none !important;\"><label>&#916;<textarea name=\"_wpcf7_ak_hp_textarea\" cols=\"45\" rows=\"8\" maxlength=\"100\"><\/textarea><\/label><input type=\"hidden\" id=\"ak_js\" name=\"_wpcf7_ak_js\" value=\"217\"\/><script>document.getElementById( \"ak_js\" ).setAttribute( \"value\", ( new Date() ).getTime() );<\/script><\/p><div class=\"wpcf7-response-output\" aria-hidden=\"true\"><\/div><\/form><\/div>[vc_empty_space empty_h=&#8221;2&#8243;][vc_single_image media=&#8221;83515&#8243; media_width_percent=&#8221;100&#8243; media_link=&#8221;url:https%3A%2F%2Fgoo.gl%2Fmaps%2FPoAgp6aen7YWmFyo8&#8243; uncode_shortcode_id=&#8221;141528&#8243;][\/vc_column][\/vc_row]<\/p>\n","protected":false},"excerpt":{"rendered":"<p>[vc_row unlock_row_content=&#8221;yes&#8221; row_height_percent=&#8221;0&#8243; override_padding=&#8221;yes&#8221; h_padding=&#8221;0&#8243; top_padding=&#8221;0&#8243; bottom_padding=&#8221;0&#8243; overlay_alpha=&#8221;100&#8243; equal_height=&#8221;yes&#8221; gutter_size=&#8221;0&#8243; shift_y=&#8221;0&#8243; style=&#8221;inherited&#8221;][vc_column column_width_percent=&#8221;100&#8243; gutter_size=&#8221;3&#8243; override_padding=&#8221;yes&#8221; column_padding=&#8221;5&#8243; back_color=&#8221;color-969426&#8243; overlay_alpha=&#8221;100&#8243; shift_x=&#8221;0&#8243; shift_y=&#8221;0&#8243; [&hellip;]<\/p>\n","protected":false},"author":1,"featured_media":82943,"parent":0,"menu_order":0,"comment_status":"open","ping_status":"closed","template":"","meta":[],"_links":{"self":[{"href":"https:\/\/hqplastics.pl\/en\/wp-json\/wp\/v2\/pages\/84025"}],"collection":[{"href":"https:\/\/hqplastics.pl\/en\/wp-json\/wp\/v2\/pages"}],"about":[{"href":"https:\/\/hqplastics.pl\/en\/wp-json\/wp\/v2\/types\/page"}],"author":[{"embeddable":true,"href":"https:\/\/hqplastics.pl\/en\/wp-json\/wp\/v2\/users\/1"}],"replies":[{"embeddable":true,"href":"https:\/\/hqplastics.pl\/en\/wp-json\/wp\/v2\/comments?post=84025"}],"version-history":[{"count":8,"href":"https:\/\/hqplastics.pl\/en\/wp-json\/wp\/v2\/pages\/84025\/revisions"}],"predecessor-version":[{"id":84130,"href":"https:\/\/hqplastics.pl\/en\/wp-json\/wp\/v2\/pages\/84025\/revisions\/84130"}],"wp:featuredmedia":[{"embeddable":true,"href":"https:\/\/hqplastics.pl\/en\/wp-json\/wp\/v2\/media\/82943"}],"wp:attachment":[{"href":"https:\/\/hqplastics.pl\/en\/wp-json\/wp\/v2\/media?parent=84025"}],"curies":[{"name":"wp","href":"https:\/\/api.w.org\/{rel}","templated":true}]}}